{"id":78,"date":"2020-11-25T13:41:14","date_gmt":"2020-11-25T13:41:14","guid":{"rendered":"https:\/\/szoptatas.com\/?page_id=78"},"modified":"2021-01-06T12:29:51","modified_gmt":"2021-01-06T12:29:51","slug":"bemutatkozas","status":"publish","type":"page","link":"https:\/\/szoptatas.com\/index.php\/bemutatkozas\/","title":{"rendered":"Bemutatkoz\u00e1s"},"content":{"rendered":"\n\n[et_pb_section fb_built=&#8221;1&#8243; _builder_version=&#8221;4.7.4&#8243; _module_preset=&#8221;default&#8221; background_image=&#8221;https:\/\/szoptatas.com\/wp-content\/uploads\/2020\/11\/szoptatas.com_.jpg&#8221; parallax=&#8221;on&#8221; min_height=&#8221;423px&#8221; custom_margin=&#8221;||3px|||&#8221; custom_padding=&#8221;||11px|||&#8221; background_last_edited=&#8221;on|phone&#8221; background_image_tablet=&#8221;https:\/\/szoptatas.com\/wp-content\/uploads\/2020\/11\/szoptatas.com_.jpg&#8221; background_image_phone=&#8221;https:\/\/szoptatas.com\/wp-content\/uploads\/2020\/11\/szoptatas.com_.jpg&#8221; background_enable_image_tablet=&#8221;on&#8221; background_enable_image_phone=&#8221;on&#8221; title_text_phone=&#8221;szoptatas.com&#8221; title_text_tablet=&#8221;szoptatas.com&#8221;][et_pb_row _builder_version=&#8221;4.7.4&#8243; _module_preset=&#8221;default&#8221;][et_pb_column type=&#8221;4_4&#8243; _builder_version=&#8221;4.7.4&#8243; _module_preset=&#8221;default&#8221;][et_pb_image src=&#8221;https:\/\/szoptatas.com\/wp-content\/uploads\/2020\/11\/dr_bango_marta.png&#8221; title_text=&#8221;dr_bango_marta&#8221; _builder_version=&#8221;4.7.4&#8243; _module_preset=&#8221;default&#8221; max_height=&#8221;169px&#8221; custom_margin=&#8221;|-40px||||&#8221; custom_padding=&#8221;||0px|||&#8221;][\/et_pb_image][\/et_pb_column][\/et_pb_row][et_pb_row _builder_version=&#8221;4.7.4&#8243; _module_preset=&#8221;default&#8221; custom_padding=&#8221;0px|||||&#8221;][et_pb_column type=&#8221;4_4&#8243; _builder_version=&#8221;4.7.4&#8243; _module_preset=&#8221;default&#8221;][et_pb_text _builder_version=&#8221;4.7.4&#8243; _module_preset=&#8221;default&#8221; text_font=&#8221;Aguafina Script||||||||&#8221; text_text_color=&#8221;#666666&#8243; text_font_size=&#8221;20px&#8221; text_letter_spacing=&#8221;1px&#8221; text_line_height=&#8221;1.2em&#8221; custom_margin=&#8221;|-28px||||&#8221; custom_padding=&#8221;|||0px||&#8221;]<p>\u201eEgyetlen ismeret van, a t\u00f6bbi csak told\u00e1s:<br \/> Alattad a f\u00f6ld, f\u00f6l\u00f6tted az \u00e9g, benned a l\u00e9tra.\u201d<\/p>\n<p style=\"text-align: left;\">\u00a0 \u00a0 \u00a0 \u00a0 \u00a0 \u00a0 \u00a0 \u00a0 \u00a0 \u00a0 \u00a0 \u00a0 \u00a0 \u00a0 \u00a0 \u00a0 \u00a0 \u00a0 \u00a0 \u00a0 \u00a0 \u00a0 \u00a0 \u00a0 \u00a0<em> We\u00f6res S\u00e1ndor<\/em><br \/> <em>\u00a0 \u00a0 \u00a0 \u00a0 \u00a0 \u00a0 \u00a0 \u00a0 \u00a0 \u00a0 \u00a0 \u00a0 \u00a0 \u00a0 \u00a0 \u00a0 \u00a0 \u00a0 \u00a0 \u00a0 \u00a0 \u00a0 \u00a0 \u00a0 \u00a0 A teljess\u00e9g fel\u00e9<\/em><\/p>[\/et_pb_text][\/et_pb_column][\/et_pb_row][\/et_pb_section][et_pb_section fb_built=&#8221;1&#8243; fullwidth=&#8221;on&#8221; _builder_version=&#8221;4.7.4&#8243; _module_preset=&#8221;default&#8221; custom_padding=&#8221;0px|||||&#8221;][et_pb_fullwidth_header title=&#8221;Bemutatkoz\u00e1s&#8221; _builder_version=&#8221;4.7.4&#8243; _module_preset=&#8221;default&#8221; title_text_color=&#8221;#000000&#8243; content_text_color=&#8221;#000000&#8243; custom_margin=&#8221;||-101px|||&#8221; custom_padding=&#8221;20px||23px|||&#8221; min_height=&#8221;318px&#8221;]<p><span>2007-ben v\u00e9geztem a Semmelweis Egyetem \u00c1ltal\u00e1nos Orvostudom\u00e1nyi Kar\u00e1n, majd az I. Sz\u00e1m\u00fa B\u00f3kay Gyermekklinik\u00e1n dolgoztam PhD hallgat\u00f3k\u00e9nt, ahol oxig\u00e9nhi\u00e1nyt szenvedett \u00fajsz\u00fcl\u00f6ttekkel foglalkoztam. A klinik\u00e1n t\u00f6lt\u00f6tt id\u0151 alatt d\u00f6bbentem r\u00e1 arra, hogy hi\u00e1ba v\u00e9geztem el summa cum laude az orvosi egyetemet, a szoptat\u00e1sr\u00f3l, mit\u00f6bb a szoptat\u00e1st\u00e1mogat\u00e1sr\u00f3l semmit sem hallottam a k\u00e9pz\u00e9sem sor\u00e1n.<\/span><br \/> <span>Ez\u00e9rt elv\u00e9geztem a Szoptat\u00e1s\u00e9rt Magyar Egyes\u00fclet Korszer\u0171 Szoptat\u00e1si Ismeretek tanfolyam\u00e1t, majd a Semmelweis Egyetem Lakt\u00e1ci\u00f3s Szaktan\u00e1csad\u00f3 Szakir\u00e1ny\u00fa Tov\u00e1bbk\u00e9pz\u00e9si Szak\u00e1t. 2014-ben pedig letettem a legmagasabb szint\u0171, nemzetk\u00f6zileg elismert lakt\u00e1ci\u00f3s szaktan\u00e1csad\u00f3i (IBCLC) vizsg\u00e1t. Az\u00f3ta mag\u00e1npraxisban, szoptat\u00e1si szaktan\u00e1csad\u00f3k\u00e9nt szem\u00e9lyes \u00e9s online tan\u00e1csad\u00e1ssal seg\u00edtem a hozz\u00e1m fordul\u00f3 \u00e9desany\u00e1kat.<\/span><br \/> <span>Szoptat\u00e1si szaktan\u00e1csad\u00f3k\u00e9nt azt tapasztaltam, hogy az \u00e9desanya sz\u00fcl\u00e9s\u00e9lm\u00e9nye meghat\u00e1roz\u00f3 nemcsak a szoptat\u00e1s indul\u00e1sa, de az any\u00e1v\u00e1 v\u00e1l\u00e1s szempontj\u00e1b\u00f3l is.<\/span><br \/> <span>Ez a felismer\u00e9s \u00e9s a gyermekeim sz\u00fclet\u00e9se vezetett tov\u00e1bb a sz\u00fcl\u00e9s k\u00f6r\u00fcli id\u0151szak, a sz\u00fcl\u00e9s, a sz\u00fclet\u00e9s megismer\u00e9s\u00e9hez, m\u00e9lyebb meg\u00e9rt\u00e9s\u00e9hez.<\/span><br \/> <span>Szoptat\u00e1st\u00e1mogat\u00e1si munk\u00e1m kiemelt ter\u00fcletei: cs\u00e1sz\u00e1rmetsz\u00e9s ut\u00e1ni szoptat\u00e1s, a tejtermel\u00e9s hossz\u00fat\u00e1v\u00fa fenntart\u00e1sa mellfej\u00e9ssel, t\u00e1pl\u00e1l\u00e1si neh\u00e9zs\u00e9ggel k\u00fczd\u0151 csecsem\u0151k szoptat\u00e1sa, ajak- \u00e9s sz\u00e1jpadhasad\u00e9kkal sz\u00fcletett csecsem\u0151k szoptat\u00e1sa, szond\u00e1val t\u00e1pl\u00e1lt csecsem\u0151k szoptat\u00e1sa. H\u00e1rom gyermek \u00e9desanyja vagyok, akik m\u00e1r a sz\u00fclet\u00e9s\u00fckkel is rengeteget tan\u00edtottak nekem, ak\u00e1rcsak a szoptat\u00e1si neh\u00e9zs\u00e9gek lek\u00fczd\u00e9se, az ig\u00e9ny szerinti, hossz\u00fa id\u0151n kereszt\u00fcli szoptat\u00e1suk megval\u00f3s\u00edt\u00e1sa r\u00e9v\u00e9n.<\/span><\/p>[\/et_pb_fullwidth_header][et_pb_fullwidth_header title=&#8221;Szakmai referenci\u00e1im&#8221; _builder_version=&#8221;4.7.4&#8243; _module_preset=&#8221;default&#8221; title_text_color=&#8221;#000000&#8243; content_text_color=&#8221;#000000&#8243; min_height=&#8221;734px&#8221; custom_margin=&#8221;-56px||-141px|||&#8221; custom_padding=&#8221;89px|||||&#8221;]<ul>\n<li>Ingyenes Anyal\u00e9tra baba-mama csoport<\/li>\n<li>Anyas\u00e1gra hangol\u00f3 tanfolyamok \u00e9s Jelenl\u00e9t kismamak\u00f6r v\u00e1rand\u00f3s \u00e9desany\u00e1knak<\/li>\n<li>Karen Wambach \u00e9s Jan Riordan: Szoptat\u00e1s \u00e9s hum\u00e1n lakt\u00e1ci\u00f3, Semmelweis Egyetem, Semmelweis Kiad\u00f3, 2019.<\/li>\n<li>2019 m\u0171helymunka d\u00fal\u00e1knak a sz\u00fcl\u00e9s k\u00f6r\u00fcli szoptat\u00e1st\u00e1mogat\u00e1sr\u00f3l<\/li>\n<li>2019 \u00f3ta el\u0151ad\u00f3ja vagyok a Csal\u00e1dbar\u00e1t Sz\u00fcl\u00e9szeti P\u00e1ly\u00e1zat keret\u00e9ben meghirdetett Bababar\u00e1t K\u00f3rh\u00e1z \u00e9s Korszer\u0171 Szoptat\u00e1si Ismeretek tanfolyamoknak<\/li>\n<li>Dr. Bang\u00f3 M\u00e1rta: A csecsem\u0151 or\u00e1lis patol\u00f3gi\u00e1ja. In: Korszer\u0171 szoptat\u00e1si ismeretek II. Jegyzetek a Szoptat\u00e1s\u00e9rt Magyar Egyes\u00fclet 40 \u00f3r\u00e1s tanfolyam\u00e1hoz; Szoptat\u00e1s\u00e9rt Magyar Egyes\u00fclet,<br \/> 2016, 107-115. p.<\/li>\n<li>Dr. Bang\u00f3 M\u00e1rta: Az el\u00e9gtelen tejtermel\u00e9s anyai okai. In: Korszer\u0171 szoptat\u00e1si ismeretek II. Jegyzetek a Szoptat\u00e1s\u00e9rt Magyar Egyes\u00fclet 40 \u00f3r\u00e1s tanfolyam\u00e1hoz;<br \/> Szoptat\u00e1s\u00e9rt Magyar Egyes\u00fclet,<br \/> 2016, 83-91. p.<\/li>\n<li>Dr. Bang\u00f3 M\u00e1rta: Kezdeti szoptat\u00e1si neh\u00e9zs\u00e9gek. In: Korszer\u0171 szoptat\u00e1si ismeretek I. Jegyzetek a Szoptat\u00e1s\u00e9rt Magyar Egyes\u00fclet 40 \u00f3r\u00e1s tanfolyam\u00e1hoz;<br \/> Szoptat\u00e1s\u00e9rt Magyar Egyes\u00fclet, 2016, 49-57. p.<\/li>\n<li>2016-2018 k\u00f6z\u00f6tt aleln\u00f6ke voltam a Szoptat\u00e1s\u00e9rt Magyar Egyes\u00fcletnek<\/li>\n<li>2015-ben tagj\u00e1v\u00e1 v\u00e1lasztottak az IBCLC k\u00e9pes\u00edt\u00e9st oda\u00edt\u00e9l\u0151 nemzetk\u00f6zi vizsgabizotts\u00e1gnak<\/li>\n<li>2014 \u00f3ta mag\u00e1npraxisban, szoptat\u00e1si szaktan\u00e1csad\u00f3k\u00e9nt szem\u00e9lyes, online, telefonos \u00e9s email-es tan\u00e1csad\u00e1ssal seg\u00edtem a hozz\u00e1m fordul\u00f3 \u00e9desany\u00e1kat.<\/li>\n<li>2014 \u00f3ta megh\u00edvott el\u0151ad\u00f3ja \u00e9s tereptan\u00e1ra vagyok a Semmelweis Egyetem Lakt\u00e1ci\u00f3s Szaktan\u00e1csad\u00f3 Szakir\u00e1ny\u00fa Tov\u00e1bbk\u00e9pz\u00e9si Szak\u00e1nak<\/li>\n<li>2014 \u00f3ta el\u0151ad\u00f3ja vagyok a Szoptat\u00e1s\u00e9rt Magyar Egyes\u00fclet saj\u00e1t tanfolyamainak<\/li>\n<li>el\u0151adtam sz\u00e1mos civileknek \u00e9s koll\u00e9g\u00e1knak (pl.: v\u00e9d\u0151n\u0151i szolg\u00e1lat) szervezett rendezv\u00e9nyen<\/li>\n<\/ul>\n<p>&nbsp;<\/p>[\/et_pb_fullwidth_header][et_pb_fullwidth_header title=&#8221;V\u00e9gzetts\u00e9geim, elv\u00e9gzett tanfoIyamok:&#8221; _builder_version=&#8221;4.7.4&#8243; _module_preset=&#8221;default&#8221; title_text_color=&#8221;#000000&#8243; content_text_color=&#8221;#000000&#8243; min_height=&#8221;633px&#8221; custom_padding=&#8221;11px|||||&#8221; custom_margin=&#8221;15px|||||&#8221;]<ul>\n<li>2000-2007 \u00c1ltal\u00e1nos Orvostudom\u00e1nyi Kar, Semmelweis Egyetem<\/li>\n<li>2006-2007 \u00f6szt\u00f6nd\u00edj a heidelbergi Ruprecht Karls Egyetemen<\/li>\n<li>2007-2010 PhD k\u00e9pz\u00e9s, Semmelweis Egyetem<\/li>\n<li>2008-2010 Angol Eg\u00e9szs\u00e9gtudom\u00e1nyi Szaknyelvi Kommunik\u00e1tor, Szegedi Tudom\u00e1nyetem<\/li>\n<li>2012 Korszer\u0171 szoptat\u00e1si ismeretek tanfolyam, Szoptat\u00e1s\u00e9rt Magyar Egyes\u00fclet<\/li>\n<li>2013-2014 Lakt\u00e1ci\u00f3s Szaktan\u00e1csad\u00f3 Szakir\u00e1ny\u00fa Tov\u00e1bbk\u00e9pz\u00e9si Szak, Semmelweis Egyetem.<\/li>\n<li>2015 Trauma \u00e9s bonding m\u0171helymunka, Michaela Mrowetz<\/li>\n<li>2016-2017 TeenSTAR k\u00e9pz\u00e9s, Helga Sebernik<\/li>\n<li>2017-2018 Kangaroula k\u00e9pz\u00e9s, NINO Birth, Jill Bergman<\/li>\n<li>2017 DONA d\u00fala k\u00e9pz\u00e9s<\/li>\n<li>2018 Ina May Gaskin vezette tov\u00e1bbk\u00e9pz\u00e9s<\/li>\n<li>2018 Gentle Birth and Waterbirth Education Course, Barbara Harper<\/li>\n<li>2019 Rebozo \u2013 a kapcsolatok sz\u00f6ved\u00e9ke workshop, Ilka Fanni<\/li>\n<li>2019 Az alkalmazott meseter\u00e1pia a klinikai munk\u00e1ban tanfolyam, Dr. Boldizs\u00e1r IIldik\u00f3<\/li>\n<\/ul>[\/et_pb_fullwidth_header][\/et_pb_section]\n\n","protected":false},"excerpt":{"rendered":"","protected":false},"author":2,"featured_media":228,"parent":0,"menu_order":0,"comment_status":"closed","ping_status":"closed","template":"","meta":{"_et_pb_use_builder":"on","_et_pb_old_content":"","_et_gb_content_width":""},"yoast_head":"<!-- This site is optimized with the Yoast SEO plugin v15.6.2 - https:\/\/yoast.com\/wordpress\/plugins\/seo\/ -->\n<title>Bemutatkoz\u00e1s - Szoptat\u00e1s.com<\/title>\n<meta name=\"description\" content=\"Dr. Bang\u00f3 M\u00e1rta orvos, nemzetk\u00f6zileg elismert lakt\u00e1ci\u00f3s szaktan\u00e1csad\u00f3 (IBCLC) Tel: +36 30 407 0677, e-mail: info@szoptatas.com\" \/>\n<meta name=\"robots\" content=\"index, follow, max-snippet:-1, max-image-preview:large, max-video-preview:-1\" \/>\n<link rel=\"canonical\" href=\"https:\/\/szoptatas.com\/index.php\/bemutatkozas\/\" \/>\n<meta property=\"og:locale\" content=\"hu_HU\" \/>\n<meta property=\"og:type\" content=\"article\" \/>\n<meta property=\"og:title\" content=\"Bemutatkoz\u00e1s - Szoptat\u00e1s.com\" \/>\n<meta property=\"og:description\" content=\"Dr. Bang\u00f3 M\u00e1rta orvos, nemzetk\u00f6zileg elismert lakt\u00e1ci\u00f3s szaktan\u00e1csad\u00f3 (IBCLC) Tel: +36 30 407 0677, e-mail: info@szoptatas.com\" \/>\n<meta property=\"og:url\" content=\"https:\/\/szoptatas.com\/index.php\/bemutatkozas\/\" \/>\n<meta property=\"og:site_name\" content=\"Szoptat\u00e1s.com\" \/>\n<meta property=\"article:publisher\" content=\"https:\/\/www.facebook.com\/anyaletra\" \/>\n<meta property=\"article:modified_time\" content=\"2021-01-06T12:29:51+00:00\" \/>\n<meta property=\"og:image\" content=\"https:\/\/szoptatas.com\/wp-content\/uploads\/2020\/11\/online-tanacsadas-01.jpg\" \/>\n\t<meta property=\"og:image:width\" content=\"600\" \/>\n\t<meta property=\"og:image:height\" content=\"300\" \/>\n<meta name=\"twitter:card\" content=\"summary_large_image\" \/>\n<meta name=\"twitter:label1\" content=\"Becs\u00fclt olvas\u00e1si id\u0151\">\n\t<meta name=\"twitter:data1\" content=\"6 perc\">\n<script type=\"application\/ld+json\" class=\"yoast-schema-graph\">{\"@context\":\"https:\/\/schema.org\",\"@graph\":[{\"@type\":\"Organization\",\"@id\":\"https:\/\/szoptatas.com\/#organization\",\"name\":\"Dr. Bang\\u00f3 M\\u00e1rta - IBCLC szoptat\\u00e1si szaktan\\u00e1csad\\u00f3 honlapja\",\"url\":\"https:\/\/szoptatas.com\/\",\"sameAs\":[\"https:\/\/www.facebook.com\/anyaletra\"],\"logo\":{\"@type\":\"ImageObject\",\"@id\":\"https:\/\/szoptatas.com\/#logo\",\"inLanguage\":\"hu\",\"url\":\"https:\/\/szoptatas.com\/wp-content\/uploads\/2021\/01\/cropped-szoptatas.com_logo.png\",\"width\":512,\"height\":512,\"caption\":\"Dr. Bang\\u00f3 M\\u00e1rta - IBCLC szoptat\\u00e1si szaktan\\u00e1csad\\u00f3 honlapja\"},\"image\":{\"@id\":\"https:\/\/szoptatas.com\/#logo\"}},{\"@type\":\"WebSite\",\"@id\":\"https:\/\/szoptatas.com\/#website\",\"url\":\"https:\/\/szoptatas.com\/\",\"name\":\"Szoptat\\u00e1s.com\",\"description\":\"\",\"publisher\":{\"@id\":\"https:\/\/szoptatas.com\/#organization\"},\"potentialAction\":[{\"@type\":\"SearchAction\",\"target\":\"https:\/\/szoptatas.com\/?s={search_term_string}\",\"query-input\":\"required name=search_term_string\"}],\"inLanguage\":\"hu\"},{\"@type\":\"ImageObject\",\"@id\":\"https:\/\/szoptatas.com\/index.php\/bemutatkozas\/#primaryimage\",\"inLanguage\":\"hu\",\"url\":\"https:\/\/szoptatas.com\/wp-content\/uploads\/2020\/11\/online-tanacsadas-01.jpg\",\"width\":600,\"height\":300,\"caption\":\"online szoptat\\u00e1si tan\\u00e1csad\\u00e1s\"},{\"@type\":\"WebPage\",\"@id\":\"https:\/\/szoptatas.com\/index.php\/bemutatkozas\/#webpage\",\"url\":\"https:\/\/szoptatas.com\/index.php\/bemutatkozas\/\",\"name\":\"Bemutatkoz\\u00e1s - Szoptat\\u00e1s.com\",\"isPartOf\":{\"@id\":\"https:\/\/szoptatas.com\/#website\"},\"primaryImageOfPage\":{\"@id\":\"https:\/\/szoptatas.com\/index.php\/bemutatkozas\/#primaryimage\"},\"datePublished\":\"2020-11-25T13:41:14+00:00\",\"dateModified\":\"2021-01-06T12:29:51+00:00\",\"description\":\"Dr. Bang\\u00f3 M\\u00e1rta orvos, nemzetk\\u00f6zileg elismert lakt\\u00e1ci\\u00f3s szaktan\\u00e1csad\\u00f3 (IBCLC) Tel: +36 30 407 0677, e-mail: info@szoptatas.com\",\"inLanguage\":\"hu\",\"potentialAction\":[{\"@type\":\"ReadAction\",\"target\":[\"https:\/\/szoptatas.com\/index.php\/bemutatkozas\/\"]}]}]}<\/script>\n<!-- \/ Yoast SEO plugin. -->","_links":{"self":[{"href":"https:\/\/szoptatas.com\/index.php\/wp-json\/wp\/v2\/pages\/78"}],"collection":[{"href":"https:\/\/szoptatas.com\/index.php\/wp-json\/wp\/v2\/pages"}],"about":[{"href":"https:\/\/szoptatas.com\/index.php\/wp-json\/wp\/v2\/types\/page"}],"author":[{"embeddable":true,"href":"https:\/\/szoptatas.com\/index.php\/wp-json\/wp\/v2\/users\/2"}],"replies":[{"embeddable":true,"href":"https:\/\/szoptatas.com\/index.php\/wp-json\/wp\/v2\/comments?post=78"}],"version-history":[{"count":33,"href":"https:\/\/szoptatas.com\/index.php\/wp-json\/wp\/v2\/pages\/78\/revisions"}],"predecessor-version":[{"id":1087,"href":"https:\/\/szoptatas.com\/index.php\/wp-json\/wp\/v2\/pages\/78\/revisions\/1087"}],"wp:featuredmedia":[{"embeddable":true,"href":"https:\/\/szoptatas.com\/index.php\/wp-json\/wp\/v2\/media\/228"}],"wp:attachment":[{"href":"https:\/\/szoptatas.com\/index.php\/wp-json\/wp\/v2\/media?parent=78"}],"curies":[{"name":"wp","href":"https:\/\/api.w.org\/{rel}","templated":true}]}}